{"id":179,"date":"2024-04-22T06:53:54","date_gmt":"2024-04-22T06:53:54","guid":{"rendered":"https:\/\/ap0.qsandbox.cloud\/site\/ambesh-flavourfuse\/?page_id=179"},"modified":"2024-12-17T09:27:41","modified_gmt":"2024-12-17T06:27:41","slug":"about","status":"publish","type":"page","link":"https:\/\/alpimportex.com\/index.php\/about\/","title":{"rendered":"Hakk\u0131m\u0131zda"},"content":{"rendered":"\t\t<div data-elementor-type=\"wp-page\" data-elementor-id=\"179\" class=\"elementor elementor-179\">\n\t\t\t\t<div class=\"elementor-element elementor-element-f61935a e-flex e-con-boxed e-con e-parent\" data-id=\"f61935a\" data-element_type=\"container\" data-settings=\"{&quot;background_background&quot;:&quot;classic&quot;}\">\n\t\t\t\t\t<div class=\"e-con-inner\">\n\t\t\t\t<div class=\"elementor-element elementor-element-638fb37 elementor-widget__width-initial elementor-widget-tablet__width-initial elementor-widget elementor-widget-image\" data-id=\"638fb37\" data-element_type=\"widget\" data-widget_type=\"image.default\">\n\t\t\t\t<div class=\"elementor-widget-container\">\n\t\t\t<style>\/*! elementor - v3.22.0 - 26-06-2024 *\/\n.elementor-widget-image{text-align:center}.elementor-widget-image a{display:inline-block}.elementor-widget-image a img[src$=\".svg\"]{width:48px}.elementor-widget-image img{vertical-align:middle;display:inline-block}<\/style>\t\t\t\t\t\t\t\t\t\t<img fetchpriority=\"high\" decoding=\"async\" width=\"1024\" height=\"1024\" src=\"https:\/\/alpimportex.com\/wp-content\/uploads\/2024\/11\/gorsel_1.jpeg\" class=\"attachment-full size-full wp-image-1566\" alt=\"\" srcset=\"https:\/\/alpimportex.com\/wp-content\/uploads\/2024\/11\/gorsel_1.jpeg 1024w, https:\/\/alpimportex.com\/wp-content\/uploads\/2024\/11\/gorsel_1-300x300.jpeg 300w, https:\/\/alpimportex.com\/wp-content\/uploads\/2024\/11\/gorsel_1-150x150.jpeg 150w, https:\/\/alpimportex.com\/wp-content\/uploads\/2024\/11\/gorsel_1-768x768.jpeg 768w, https:\/\/alpimportex.com\/wp-content\/uploads\/2024\/11\/gorsel_1-320x320.jpeg 320w, https:\/\/alpimportex.com\/wp-content\/uploads\/2024\/11\/gorsel_1-480x480.jpeg 480w, https:\/\/alpimportex.com\/wp-content\/uploads\/2024\/11\/gorsel_1-800x800.jpeg 800w\" sizes=\"(max-width: 1024px) 100vw, 1024px\" \/>\t\t\t\t\t\t\t\t\t\t\t\t\t<\/div>\n\t\t\t\t<\/div>\n\t\t<div class=\"elementor-element elementor-element-eeb27c3 e-con-full e-flex e-con e-child\" data-id=\"eeb27c3\" data-element_type=\"container\">\n\t\t<div class=\"elementor-element elementor-element-79bdc3d e-flex e-con-boxed e-con e-child\" data-id=\"79bdc3d\" data-element_type=\"container\">\n\t\t\t\t\t<div class=\"e-con-inner\">\n\t\t<div class=\"elementor-element elementor-element-e53af0b e-flex e-con-boxed e-con e-child\" data-id=\"e53af0b\" data-element_type=\"container\">\n\t\t\t\t\t<div class=\"e-con-inner\">\n\t\t\t\t<div class=\"elementor-element elementor-element-74c763d elementor-widget elementor-widget-heading\" data-id=\"74c763d\" data-element_type=\"widget\" data-widget_type=\"heading.default\">\n\t\t\t\t<div class=\"elementor-widget-container\">\n\t\t\t<style>\/*! elementor - v3.22.0 - 26-06-2024 *\/\n.elementor-heading-title{padding:0;margin:0;line-height:1}.elementor-widget-heading .elementor-heading-title[class*=elementor-size-]>a{color:inherit;font-size:inherit;line-height:inherit}.elementor-widget-heading .elementor-heading-title.elementor-size-small{font-size:15px}.elementor-widget-heading .elementor-heading-title.elementor-size-medium{font-size:19px}.elementor-widget-heading .elementor-heading-title.elementor-size-large{font-size:29px}.elementor-widget-heading .elementor-heading-title.elementor-size-xl{font-size:39px}.elementor-widget-heading .elementor-heading-title.elementor-size-xxl{font-size:59px}<\/style><h2 class=\"elementor-heading-title elementor-size-default\">Hakk\u0131m\u0131zda...<\/h2>\t\t<\/div>\n\t\t\t\t<\/div>\n\t\t\t\t<div class=\"elementor-element elementor-element-e02c38e elementor-widget elementor-widget-heading\" data-id=\"e02c38e\" data-element_type=\"widget\" data-widget_type=\"heading.default\">\n\t\t\t\t<div class=\"elementor-widget-container\">\n\t\t\t<h2 class=\"elementor-heading-title elementor-size-default\">Discover Our Story<\/h2>\t\t<\/div>\n\t\t\t\t<\/div>\n\t\t\t\t\t<\/div>\n\t\t\t\t<\/div>\n\t\t<div class=\"elementor-element elementor-element-a53e346 e-flex e-con-boxed e-con e-child\" data-id=\"a53e346\" data-element_type=\"container\">\n\t\t\t\t\t<div class=\"e-con-inner\">\n\t\t\t\t<div class=\"elementor-element elementor-element-20cc66c elementor-widget elementor-widget-text-editor\" data-id=\"20cc66c\" data-element_type=\"widget\" data-widget_type=\"text-editor.default\">\n\t\t\t\t<div class=\"elementor-widget-container\">\n\t\t\t<style>\/*! elementor - v3.22.0 - 26-06-2024 *\/\n.elementor-widget-text-editor.elementor-drop-cap-view-stacked .elementor-drop-cap{background-color:#69727d;color:#fff}.elementor-widget-text-editor.elementor-drop-cap-view-framed .elementor-drop-cap{color:#69727d;border:3px solid;background-color:transparent}.elementor-widget-text-editor:not(.elementor-drop-cap-view-default) .elementor-drop-cap{margin-top:8px}.elementor-widget-text-editor:not(.elementor-drop-cap-view-default) .elementor-drop-cap-letter{width:1em;height:1em}.elementor-widget-text-editor .elementor-drop-cap{float:left;text-align:center;line-height:1;font-size:50px}.elementor-widget-text-editor .elementor-drop-cap-letter{display:inline-block}<\/style>\t\t\t\t<p>ALP IMPORTEX, ambalaj sekt\u00f6r\u00fcnde uzun y\u0131llard\u0131r hizmet veren bir firmad\u0131r. T\u00fcrkiye distrib\u00fct\u00f6r\u00fc oldu\u011fu Ruian Hualiang Machinery Co., Ltd sayesinde stre\u00e7 film ve stre\u00e7 film \u00fcreten makineler konusunda geni\u015f bir \u00fcr\u00fcn yelpazesine sahiptir. HLGP Makine&#8217;nin T\u00fcrkiye&#8217;deki distirib\u00fct\u00f6r\u00fc olan firmam\u0131z, sekt\u00f6rdeki deneyimli ekibiyle m\u00fc\u015fterilerine en kaliteli hizmeti sunmay\u0131 ama\u00e7lamaktad\u0131r.<\/p><p>ALP IMPORTEX, satt\u0131\u011f\u0131 makinelerin kurulumu, garanti ve servis i\u015flemleri konusunda da uzman bir ekibe sahiptir. M\u00fc\u015fteri memnuniyetini \u00f6n planda tutan firmam\u0131z, her zaman m\u00fc\u015fteri odakl\u0131 \u00e7\u00f6z\u00fcmler sunmay\u0131 hedeflemektedir.<\/p><p>Firman\u0131n \u00fcr\u00fcn yelpazesinde 17 ve 23 mikron el tipi ve makine tipi stre\u00e7 filmlerinin yan\u0131 s\u0131ra \u00e7e\u015fitli ambalaj \u00fcr\u00fcnleri de bulunmaktad\u0131r. \u0130thalat ve \u0130hracat konular\u0131nda da faaliyet g\u00f6steren ALP IMPORTEX, uluslararas\u0131 alanda da tan\u0131nan bir firma olma yolunda ilerlemektedir.<\/p><p>Web sitemizde yer alan bilgilerle t\u00fcm \u00fcr\u00fcnlerimizi detayl\u0131 olarak inceleyebilir, firmam\u0131z hakk\u0131nda daha fazla bilgi edinebilirsiniz. M\u00fc\u015fterilerimize en iyi hizmeti sunabilmek i\u00e7in s\u00fcrekli olarak kendimizi geli\u015ftirmeye devam ediyoruz. ALP IMPORTEX, ambalaj sekt\u00f6r\u00fcnde g\u00fcvenilir bir i\u015f orta\u011f\u0131 olarak sizlere hizmet vermeye devam edecektir.<\/p>\t\t\t\t\t\t<\/div>\n\t\t\t\t<\/div>\n\t\t\t\t\t<\/div>\n\t\t\t\t<\/div>\n\t\t\t\t\t<\/div>\n\t\t\t\t<\/div>\n\t\t\t\t<\/div>\n\t\t\t\t\t<\/div>\n\t\t\t\t<\/div>\n\t\t\t\t<\/div>\n\t\t","protected":false},"excerpt":{"rendered":"<p>Hakk\u0131m\u0131zda&#8230; Discover Our Story ALP IMPORTEX, ambalaj sekt\u00f6r\u00fcnde uzun y\u0131llard\u0131r hizmet veren bir firmad\u0131r. T\u00fcrkiye distrib\u00fct\u00f6r\u00fc oldu\u011fu Ruian Hualiang Machinery Co., Ltd sayesinde stre\u00e7 film ve stre\u00e7 film \u00fcreten makineler konusunda geni\u015f bir \u00fcr\u00fcn yelpazesine sahiptir. HLGP Makine&#8217;nin T\u00fcrkiye&#8217;deki distirib\u00fct\u00f6r\u00fc olan firmam\u0131z, sekt\u00f6rdeki deneyimli ekibiyle m\u00fc\u015fterilerine en kaliteli hizmeti sunmay\u0131 ama\u00e7lamaktad\u0131r. ALP IMPORTEX, satt\u0131\u011f\u0131 makinelerin [&hellip;]<\/p>\n","protected":false},"author":1,"featured_media":0,"parent":0,"menu_order":0,"comment_status":"closed","ping_status":"closed","template":"page-templates\/pagebuilder.php","meta":{"footnotes":""},"class_list":["post-179","page","type-page","status-publish","hentry"],"_links":{"self":[{"href":"https:\/\/alpimportex.com\/index.php\/wp-json\/wp\/v2\/pages\/179","targetHints":{"allow":["GET"]}}],"collection":[{"href":"https:\/\/alpimportex.com\/index.php\/wp-json\/wp\/v2\/pages"}],"about":[{"href":"https:\/\/alpimportex.com\/index.php\/wp-json\/wp\/v2\/types\/page"}],"author":[{"embeddable":true,"href":"https:\/\/alpimportex.com\/index.php\/wp-json\/wp\/v2\/users\/1"}],"replies":[{"embeddable":true,"href":"https:\/\/alpimportex.com\/index.php\/wp-json\/wp\/v2\/comments?post=179"}],"version-history":[{"count":10,"href":"https:\/\/alpimportex.com\/index.php\/wp-json\/wp\/v2\/pages\/179\/revisions"}],"predecessor-version":[{"id":1631,"href":"https:\/\/alpimportex.com\/index.php\/wp-json\/wp\/v2\/pages\/179\/revisions\/1631"}],"wp:attachment":[{"href":"https:\/\/alpimportex.com\/index.php\/wp-json\/wp\/v2\/media?parent=179"}],"curies":[{"name":"wp","href":"https:\/\/api.w.org\/{rel}","templated":true}]}}